{"id":105,"date":"2017-11-15T22:50:26","date_gmt":"2017-11-15T21:50:26","guid":{"rendered":"http:\/\/damoss.free.fr\/SanteADomicile\/?page_id=105"},"modified":"2025-07-09T08:12:46","modified_gmt":"2025-07-09T06:12:46","slug":"nous-contacter","status":"publish","type":"page","link":"https:\/\/www.santedomicilemachecoul.fr\/?page_id=105","title":{"rendered":"Nous contacter&#8230;"},"content":{"rendered":"<h3><img loading=\"lazy\" decoding=\"async\" class=\"alignleft wp-image-562\" title=\"Localisation de l'association Sant\u00e9 \u00e0 domicile\" src=\"http:\/\/www.santedomicilemachecoul.fr\/wp-content\/uploads\/2017\/11\/Plan-asso1-611x388.png\" alt=\"Localisation de l'association Sant\u00e9 \u00e0 domicile\" width=\"611\" height=\"388\" srcset=\"https:\/\/www.santedomicilemachecoul.fr\/wp-content\/uploads\/2017\/11\/Plan-asso1-611x388.png 611w, https:\/\/www.santedomicilemachecoul.fr\/wp-content\/uploads\/2017\/11\/Plan-asso1-300x190.png 300w, https:\/\/www.santedomicilemachecoul.fr\/wp-content\/uploads\/2017\/11\/Plan-asso1-768x487.png 768w, https:\/\/www.santedomicilemachecoul.fr\/wp-content\/uploads\/2017\/11\/Plan-asso1.png 966w\" sizes=\"auto, (max-width: 611px) 100vw, 611px\" \/>Sant\u00e9 \u00e0 Domicile<\/h3>\n<h4>Boulevard du Calvaire<\/h4>\n<h4>44270 MACHECOUL-SAINT-MEME<\/h4>\n<h3>\u00a0<img loading=\"lazy\" decoding=\"async\" class=\"alignnone wp-image-330\" title=\"Secr\u00e9tariat de l'association Sant\u00e9 \u00e0 domicile\" src=\"http:\/\/www.santedomicilemachecoul.fr\/wp-content\/uploads\/2017\/11\/secretaire2-228x188.png\" alt=\"Secr\u00e9tariat de l'association Sant\u00e9 \u00e0 domicile\" width=\"228\" height=\"188\" srcset=\"https:\/\/www.santedomicilemachecoul.fr\/wp-content\/uploads\/2017\/11\/secretaire2-228x188.png 228w, https:\/\/www.santedomicilemachecoul.fr\/wp-content\/uploads\/2017\/11\/secretaire2-300x247.png 300w, https:\/\/www.santedomicilemachecoul.fr\/wp-content\/uploads\/2017\/11\/secretaire2.png 467w\" sizes=\"auto, (max-width: 228px) 100vw, 228px\" \/><\/h3>\n<h3>Secr\u00e9tariat\/Accueil<\/h3>\n<h3>du lundi au vendredi de 9h \u00e0 17h<\/h3>\n<h4>TEL : 02.40.78.50.08\u00a0 \u00a0secretariat@santedomicilemachecoul.fr<\/h4>\n<p><strong>Prise de Rendez-vous infirmier en ligne sur <a href=\"https:\/\/www.doctolib.fr\/centre-de-soins-infirmiers\/machecoul-saint-meme\/sante-a-domicile-permanence-centre-de-sante-infirmier\">Doctolib.fr<\/a><\/strong><\/p>\n<p>&nbsp;<\/p>\n<h2>Formulaire de contact<\/h2>\n<div role=\"form\" class=\"wpcf7\" id=\"wpcf7-f419-o1\" lang=\"fr-FR\" dir=\"ltr\">\n<div class=\"screen-reader-response\"><p role=\"status\" aria-live=\"polite\" aria-atomic=\"true\"><\/p> <ul><\/ul><\/div>\n<form action=\"\/index.php?rest_route=%2Fwp%2Fv2%2Fpages%2F105#wpcf7-f419-o1\" method=\"post\" class=\"wpcf7-form init\" novalidate=\"novalidate\" data-status=\"init\">\n<div style=\"display: none;\">\n<input type=\"hidden\" name=\"_wpcf7\" value=\"419\" \/>\n<input type=\"hidden\" name=\"_wpcf7_version\" value=\"5.3.1\" \/>\n<input type=\"hidden\" name=\"_wpcf7_locale\" value=\"fr_FR\" \/>\n<input type=\"hidden\" name=\"_wpcf7_unit_tag\" value=\"wpcf7-f419-o1\" \/>\n<input type=\"hidden\" name=\"_wpcf7_container_post\" value=\"0\" \/>\n<input type=\"hidden\" name=\"_wpcf7_posted_data_hash\" value=\"\" \/>\n<input type=\"hidden\" name=\"_wpcf7_recaptcha_response\" value=\"\" \/>\n<\/div>\n<p><label> Votre nom *<br \/>\n    <span class=\"wpcf7-form-control-wrap your-name\"><input type=\"text\" name=\"your-name\" value=\"\" size=\"40\" class=\"wpcf7-form-control wpcf7-text wpcf7-validates-as-required\" aria-required=\"true\" aria-invalid=\"false\" \/><\/span> <\/label><\/p>\n<p><label> Votre adresse de messagerie *<br \/>\n    <span class=\"wpcf7-form-control-wrap your-email\"><input type=\"email\" name=\"your-email\" value=\"\" size=\"40\" class=\"wpcf7-form-control wpcf7-text wpcf7-email wpcf7-validates-as-required wpcf7-validates-as-email\" aria-required=\"true\" aria-invalid=\"false\" \/><\/span> <\/label><\/p>\n<p><label> Votre demande *<br \/>\n<span class=\"wpcf7-form-control-wrap contact\"><select name=\"contact\" class=\"wpcf7-form-control wpcf7-select wpcf7-validates-as-required\" aria-required=\"true\" aria-invalid=\"false\"><option value=\"Portage de repas\">Portage de repas<\/option><option value=\"Centre de Soins Infirmiers\">Centre de Soins Infirmiers<\/option><option value=\"Soins A Domicile Aux Personnes Ag\u00e9es\">Soins A Domicile Aux Personnes Ag\u00e9es<\/option><option value=\"Autres demandes (Direction)\">Autres demandes (Direction)<\/option><\/select><\/span> <\/label><\/p>\n<p><label> Votre message *<br \/>\n    <span class=\"wpcf7-form-control-wrap your-message\"><textarea name=\"your-message\" cols=\"40\" rows=\"10\" class=\"wpcf7-form-control wpcf7-textarea wpcf7-validates-as-required\" aria-required=\"true\" aria-invalid=\"false\"><\/textarea><\/span> <\/label><\/p>\n\n<p><input type=\"submit\" value=\"Envoyer\" class=\"wpcf7-form-control wpcf7-submit\" \/><\/p>\n<div class=\"wpcf7-response-output\" aria-hidden=\"true\"><\/div><\/form><\/div>\n","protected":false},"excerpt":{"rendered":"<p>Sant\u00e9 \u00e0 Domicile Boulevard du Calvaire 44270 MACHECOUL-SAINT-MEME \u00a0 Secr\u00e9tariat\/Accueil du lundi au vendredi de 9h \u00e0 17h TEL : 02.40.78.50.08\u00a0 \u00a0secretariat@santedomicilemachecoul.fr Prise de Rendez-vous infirmier en ligne sur Doctolib.fr &nbsp; Formulaire de contact<\/p>\n","protected":false},"author":1,"featured_media":0,"parent":0,"menu_order":0,"comment_status":"closed","ping_status":"closed","template":"template-full-width.php","meta":{"footnotes":""},"class_list":["post-105","page","type-page","status-publish","hentry"],"_links":{"self":[{"href":"https:\/\/www.santedomicilemachecoul.fr\/index.php?rest_route=\/wp\/v2\/pages\/105","targetHints":{"allow":["GET"]}}],"collection":[{"href":"https:\/\/www.santedomicilemachecoul.fr\/index.php?rest_route=\/wp\/v2\/pages"}],"about":[{"href":"https:\/\/www.santedomicilemachecoul.fr\/index.php?rest_route=\/wp\/v2\/types\/page"}],"author":[{"embeddable":true,"href":"https:\/\/www.santedomicilemachecoul.fr\/index.php?rest_route=\/wp\/v2\/users\/1"}],"replies":[{"embeddable":true,"href":"https:\/\/www.santedomicilemachecoul.fr\/index.php?rest_route=%2Fwp%2Fv2%2Fcomments&post=105"}],"version-history":[{"count":64,"href":"https:\/\/www.santedomicilemachecoul.fr\/index.php?rest_route=\/wp\/v2\/pages\/105\/revisions"}],"predecessor-version":[{"id":2704,"href":"https:\/\/www.santedomicilemachecoul.fr\/index.php?rest_route=\/wp\/v2\/pages\/105\/revisions\/2704"}],"wp:attachment":[{"href":"https:\/\/www.santedomicilemachecoul.fr\/index.php?rest_route=%2Fwp%2Fv2%2Fmedia&parent=105"}],"curies":[{"name":"wp","href":"https:\/\/api.w.org\/{rel}","templated":true}]}}