{"id":38,"date":"2017-11-15T20:38:24","date_gmt":"2017-11-15T19:38:24","guid":{"rendered":"http:\/\/damoss.free.fr\/SanteADomicile\/?page_id=38"},"modified":"2026-03-25T14:56:51","modified_gmt":"2026-03-25T13:56:51","slug":"centre-de-soins","status":"publish","type":"page","link":"https:\/\/www.santedomicilemachecoul.fr\/?page_id=38","title":{"rendered":"Centre de Sant\u00e9 Infirmier"},"content":{"rendered":"<p>Le\u00a0CSI (Centre de Sant\u00e9 Infirmier) de Machecoul-St-M\u00eame est compos\u00e9 d&rsquo;une \u00e9quipe d&rsquo;infirmi\u00e8res dipl\u00f4m\u00e9es d&rsquo;\u00e9tat qui intervient sur<strong> prescription m\u00e9dicale<\/strong>\u00a0au domicile\u00a0des patients.<\/p>\n<h3 style=\"text-align: center;\"><\/h3>\n<h3 style=\"text-align: center;\">Les infirmi\u00e8res sont joignables 7jours\/7 de 7H \u00e0 19H30<\/h3>\n<h3 style=\"text-align: center;\">(R\u00e9pondeur en dehors des heures de pr\u00e9sence)<\/h3>\n<h3 style=\"text-align: center;\">TEL<strong> :<\/strong> 02.40.78.50.08<\/h3>\n<h3 style=\"text-align: center;\"><\/h3>\n<h3 style=\"text-align: center;\"><img loading=\"lazy\" decoding=\"async\" class=\"wp-image-1924 size-medium aligncenter\" src=\"http:\/\/www.santedomicilemachecoul.fr\/wp-content\/uploads\/2022\/05\/CSI-1-275x300.jpg\" alt=\"\" width=\"275\" height=\"300\" srcset=\"https:\/\/www.santedomicilemachecoul.fr\/wp-content\/uploads\/2022\/05\/CSI-1-275x300.jpg 275w, https:\/\/www.santedomicilemachecoul.fr\/wp-content\/uploads\/2022\/05\/CSI-1-937x1024.jpg 937w, https:\/\/www.santedomicilemachecoul.fr\/wp-content\/uploads\/2022\/05\/CSI-1-768x839.jpg 768w, https:\/\/www.santedomicilemachecoul.fr\/wp-content\/uploads\/2022\/05\/CSI-1-1406x1536.jpg 1406w, https:\/\/www.santedomicilemachecoul.fr\/wp-content\/uploads\/2022\/05\/CSI-1-1875x2048.jpg 1875w, https:\/\/www.santedomicilemachecoul.fr\/wp-content\/uploads\/2022\/05\/CSI-1.jpg 2034w\" sizes=\"auto, (max-width: 275px) 100vw, 275px\" \/><\/h3>\n<h3 style=\"text-align: center;\"><a href=\"http:\/\/www.santedomicilemachecoul.fr\/?page_id=105\">formulaire de contact<\/a> ou <a href=\"https:\/\/www.pagesjaunes.fr\/pros\/05491741#calendrier\">Prise de RDV en ligne<\/a> possible, \u00e9galement sur <a href=\"https:\/\/www.doctolib.fr\/centre-de-soins-infirmiers\/machecoul-saint-meme\/sante-a-domicile-permanence-centre-de-sante-infirmier\">Doctolib<\/a><\/h3>\n<p>&nbsp;<\/p>\n<h4 style=\"text-align: left;\">Soins infirmiers :<\/h4>\n<ul>\n<li style=\"text-align: left;\">Injections<\/li>\n<li style=\"text-align: left;\">Pansements<\/li>\n<li style=\"text-align: left;\">Prises de sang<\/li>\n<li style=\"text-align: left;\">Perfusions<\/li>\n<li style=\"text-align: left;\">Soins de chimioth\u00e9rapie<\/li>\n<li style=\"text-align: left;\">Soins d&rsquo;hygi\u00e8ne et de pr\u00e9vention<\/li>\n<li style=\"text-align: left;\">Soins palliatifs, accompagnement en fin de vie<\/li>\n<\/ul>\n<h4 style=\"text-align: left;\">Communes desservies :<\/h4>\n<h4 style=\"text-align: left;\"><img loading=\"lazy\" decoding=\"async\" class=\"alignright wp-image-167 \" title=\"Communes Interventions Infirmi\u00e8res\" src=\"http:\/\/www.santedomicilemachecoul.fr\/wp-content\/uploads\/2017\/11\/Territoire-Infirmi\u00e8re.png\" alt=\"Communes Interventions Infirmi\u00e8res\" width=\"462\" height=\"281\" srcset=\"https:\/\/www.santedomicilemachecoul.fr\/wp-content\/uploads\/2017\/11\/Territoire-Infirmi\u00e8re.png 562w, https:\/\/www.santedomicilemachecoul.fr\/wp-content\/uploads\/2017\/11\/Territoire-Infirmi\u00e8re-300x183.png 300w\" sizes=\"auto, (max-width: 462px) 100vw, 462px\" \/><\/h4>\n<ul>\n<li style=\"text-align: left;\">Machecoul-St-M\u00eame<\/li>\n<li style=\"text-align: left;\">Paulx<\/li>\n<li style=\"text-align: left;\">La Marne<\/li>\n<li style=\"text-align: left;\">St-Etienne-de -Mer-Morte<\/li>\n<li style=\"text-align: left;\">St-M\u00eame-le-Tenu<\/li>\n<li style=\"text-align: left;\">St-Mars-de-Coutais<\/li>\n<li style=\"text-align: left;\">St-Lumine-de-Coutais<\/li>\n<li style=\"text-align: left;\">Fresnay-en-Retz<\/li>\n<li style=\"text-align: left;\">St-Cyr-en-Retz<\/li>\n<li>Villeneuve-en-Retz<\/li>\n<\/ul>\n<p>&nbsp;<\/p>\n<p><img loading=\"lazy\" decoding=\"async\" class=\"alignnone wp-image-858\" src=\"http:\/\/www.santedomicilemachecoul.fr\/wp-content\/uploads\/2018\/11\/photo2-voiture-csi-2-300x192.jpg\" alt=\"\" width=\"241\" height=\"154\" srcset=\"https:\/\/www.santedomicilemachecoul.fr\/wp-content\/uploads\/2018\/11\/photo2-voiture-csi-2-300x192.jpg 300w, https:\/\/www.santedomicilemachecoul.fr\/wp-content\/uploads\/2018\/11\/photo2-voiture-csi-2-768x491.jpg 768w, https:\/\/www.santedomicilemachecoul.fr\/wp-content\/uploads\/2018\/11\/photo2-voiture-csi-2-1024x655.jpg 1024w, https:\/\/www.santedomicilemachecoul.fr\/wp-content\/uploads\/2018\/11\/photo2-voiture-csi-2.jpg 1944w\" sizes=\"auto, (max-width: 241px) 100vw, 241px\" \/><\/p>\n<p>Elles sont \u00e9galement \u00e0 votre service lors de permanences assur\u00e9es sur plusieurs\u00a0communes.<\/p>\n<h4 style=\"text-align: left;\">Horaires et lieux de permanences :<\/h4>\n<p>SANS RDV OUVERT A TOUS<\/p>\n<ul>\n<li><strong>Machecoul (BD du Calvaire- pr\u00e8s de la gendarmerie)<br \/>\n<\/strong><\/li>\n<\/ul>\n<p style=\"text-align: left;\">11H-11H30 (sauf dimanche)<\/p>\n<p style=\"text-align: left;\">18H30-19H (sauf samedi et dimanche)<\/p>\n<p>bilans sanguins \u00e0 jeun et autres soins SUR RDV<\/p>\n<ul>\n<li><strong>St-Mars-De-Coutais (pr\u00e8s du cabinet m\u00e9dical, Impasse Caduc\u00e9e)<br \/>\n<\/strong><\/li>\n<\/ul>\n<p style=\"text-align: left;\">9H30-9H45 (sauf dimanche)<\/p>\n<p>&nbsp;<\/p>\n<h5 style=\"text-align: left;\">Sur rendez-vous (sauf dimanche)<\/h5>\n<ul>\n<li><strong>Machecoul<\/strong> : bilans sanguins \u00e0 jeun et autres soins<\/li>\n<li><strong>La Marne (28b la Fosse)<\/strong><\/li>\n<li><strong>Paulx (pr\u00e8s de la caserne des pompiers, Place des Basses Marches)<\/strong><\/li>\n<li><strong>St-Etienne-de-Mer-Morte (rue des Vall\u00e9es)<\/strong><\/li>\n<\/ul>\n<div id=\"sconnect-is-installed\" style=\"display: none;\">2.5.0.0<\/div>\n","protected":false},"excerpt":{"rendered":"<p>Le\u00a0CSI (Centre de Sant\u00e9 Infirmier) de Machecoul-St-M\u00eame est compos\u00e9 d&rsquo;une \u00e9quipe d&rsquo;infirmi\u00e8res dipl\u00f4m\u00e9es d&rsquo;\u00e9tat qui intervient sur prescription m\u00e9dicale\u00a0au domicile\u00a0des patients. Les infirmi\u00e8res sont joignables 7jours\/7 de 7H \u00e0 19H30 (R\u00e9pondeur en dehors des heures de pr\u00e9sence) TEL : 02.40.78.50.08 formulaire de contact ou Prise de RDV en ligne possible, \u00e9galement sur Doctolib &nbsp; Soins [&hellip;]<\/p>\n","protected":false},"author":1,"featured_media":0,"parent":0,"menu_order":0,"comment_status":"closed","ping_status":"closed","template":"template-full-width.php","meta":{"footnotes":""},"class_list":["post-38","page","type-page","status-publish","hentry"],"_links":{"self":[{"href":"https:\/\/www.santedomicilemachecoul.fr\/index.php?rest_route=\/wp\/v2\/pages\/38","targetHints":{"allow":["GET"]}}],"collection":[{"href":"https:\/\/www.santedomicilemachecoul.fr\/index.php?rest_route=\/wp\/v2\/pages"}],"about":[{"href":"https:\/\/www.santedomicilemachecoul.fr\/index.php?rest_route=\/wp\/v2\/types\/page"}],"author":[{"embeddable":true,"href":"https:\/\/www.santedomicilemachecoul.fr\/index.php?rest_route=\/wp\/v2\/users\/1"}],"replies":[{"embeddable":true,"href":"https:\/\/www.santedomicilemachecoul.fr\/index.php?rest_route=%2Fwp%2Fv2%2Fcomments&post=38"}],"version-history":[{"count":90,"href":"https:\/\/www.santedomicilemachecoul.fr\/index.php?rest_route=\/wp\/v2\/pages\/38\/revisions"}],"predecessor-version":[{"id":2849,"href":"https:\/\/www.santedomicilemachecoul.fr\/index.php?rest_route=\/wp\/v2\/pages\/38\/revisions\/2849"}],"wp:attachment":[{"href":"https:\/\/www.santedomicilemachecoul.fr\/index.php?rest_route=%2Fwp%2Fv2%2Fmedia&parent=38"}],"curies":[{"name":"wp","href":"https:\/\/api.w.org\/{rel}","templated":true}]}}