{"id":92,"date":"2017-11-15T22:45:29","date_gmt":"2017-11-15T21:45:29","guid":{"rendered":"http:\/\/damoss.free.fr\/SanteADomicile\/?page_id=92"},"modified":"2026-04-23T15:36:58","modified_gmt":"2026-04-23T13:36:58","slug":"portage-de-repas","status":"publish","type":"page","link":"https:\/\/www.santedomicilemachecoul.fr\/?page_id=92","title":{"rendered":"Pr\u00e9sentation du service"},"content":{"rendered":"<h4 style=\"text-align: left;\">\u00ab\u00a0LA VIE FACILE AVEC LES REPAS A DOMICILE\u00a0\u00bb<\/h4>\n<p><strong>RESTO RETZ VOUS<\/strong> , le service Portage de Repas vous propose la livraison de repas vari\u00e9s et \u00e9quilibr\u00e9s pour TOUS (retrait\u00e9s, ACTIFS, convalescents, handicap\u00e9s) \u00e0 votre <strong>domicile<\/strong> ou sur <strong>votre lieu de travail<\/strong>, 7j\/7, sur Machecoul-St-M\u00eame et ses environs.\u00a0 \u00a0 \u00a0 \u00a0 \u00a0 \u00a0 \u00a0 \u00a0 \u00a0 \u00a0 \u00a0 \u00a0 \u00a0 \u00a0 \u00a0 \u00a0 \u00a0 \u00a0 \u00a0 \u00a0 \u00a0 \u00a0 \u00a0 \u00a0 \u00a0 \u00a0 \u00a0 \u00a0 \u00a0 \u00a0 \u00a0 \u00a0 \u00a0 \u00a0 \u00a0 \u00a0 \u00a0 \u00a0 \u00a0 \u00a0 \u00a0 \u00a0 \u00a0 \u00a0 \u00a0 \u00a0 \u00a0 \u00a0 \u00a0 \u00a0 \u00a0 \u00a0 \u00a0 \u00a0 \u00a0 \u00a0 \u00a0 \u00a0 \u00a0 \u00a0 \u00a0 \u00a0 \u00a0 \u00a0 \u00a0 \u00a0 \u00a0 \u00a0 \u00a0 \u00a0 \u00a0 \u00a0 \u00a0 \u00a0 \u00a0 \u00a0 \u00a0 \u00a0 \u00a0 \u00a0 \u00a0 \u00a0 \u00a0 \u00a0 \u00a0 \u00a0 \u00a0 \u00a0 \u00a0 \u00a0 \u00a0 \u00a0 \u00a0 \u00a0 \u00a0 \u00a0 \u00a0 \u00a0 \u00a0 \u00a0 \u00a0 \u00a0 \u00a0 \u00a0 \u00a0 \u00a0 \u00a0 \u00a0 \u00a0 \u00a0 \u00a0 \u00a0 \u00a0 \u00a0 \u00a0 \u00a0 \u00a0 \u00a0 \u00a0 \u00a0 \u00a0 \u00a0 \u00a0 \u00a0 \u00a0 \u00a0TEL : 02.40.02.88.88 du lundi au jeudi de 7h30 \u00e0 17h30 et\u00a0 le vendredi\u00a0 de 7h30 \u00e0 14h30<\/p>\n<p>(r\u00e9pondeur en dehors des heures de permanence ou en cas d&rsquo;absence)<\/p>\n<p>ou par mail \u00e0 restoretzvous@gmail.com<\/p>\n<h3 style=\"text-align: center;\"><a title=\"Formulaire de contact\" href=\"https:\/\/www.santedomicilemachecoul.fr\/wp-admin\/post.php?post=92&amp;action=edit\" rel=\"\">\u00a0<\/a><\/h3>\n<h4>Communes desservies<\/h4>\n<ul>\n<li><span class=\"text_exposed_show\">Machecoul-St-M\u00eame<\/span><img loading=\"lazy\" decoding=\"async\" class=\"wp-image-1878 alignright\" src=\"http:\/\/www.santedomicilemachecoul.fr\/wp-content\/uploads\/2022\/05\/CARTE-GEO-RESTO-RETZ-VOUS-OK.jpg\" alt=\"\" width=\"310\" height=\"287\" srcset=\"https:\/\/www.santedomicilemachecoul.fr\/wp-content\/uploads\/2022\/05\/CARTE-GEO-RESTO-RETZ-VOUS-OK.jpg 575w, https:\/\/www.santedomicilemachecoul.fr\/wp-content\/uploads\/2022\/05\/CARTE-GEO-RESTO-RETZ-VOUS-OK-300x278.jpg 300w\" sizes=\"auto, (max-width: 310px) 100vw, 310px\" \/><\/li>\n<li><span class=\"text_exposed_show\">La Marne<\/span><\/li>\n<li><span class=\"text_exposed_show\">La Limouzini\u00e8re<\/span><\/li>\n<li><span class=\"text_exposed_show\">Paulx<\/span><\/li>\n<li><span class=\"text_exposed_show\">St-Etienne-de-Mer-Morte<\/span><\/li>\n<li><span class=\"text_exposed_show\">St-Lumine-de-Coutais<\/span><\/li>\n<li><span class=\"text_exposed_show\">St-Mars-de-Coutais<\/span><\/li>\n<li>St-Pazanne<\/li>\n<li><span class=\"text_exposed_show\">St-Philbert-de-Grand-Lieu<\/span><\/li>\n<li>St Hilaire de Chal\u00e9ons<\/li>\n<li><span class=\"text_exposed_show\">Touvois<\/span><\/li>\n<li><span class=\"text_exposed_show\">Villeneuve-en-Retz<\/span><\/li>\n<li>Les Moutiers en Retz<\/li>\n<li>La Bernerie en Retz<\/li>\n<li>leg\u00e9<\/li>\n<\/ul>\n<h4><\/h4>\n<h4>Nos formules<strong>\u00a0(repas complet ou \u00e0 la carte) <\/strong> \u00a0: <a href=\"https:\/\/www.santedomicilemachecoul.fr\/?page_id=228\">Voir menu de la semaine<\/a><\/h4>\n<p><strong>Formule du\u00a0midi<\/strong><\/p>\n<p>Composez votre repas selon vos go\u00fbts pour des menus \u00e9quilibr\u00e9s. Le repas complet ou \u00e0 la carte comprend une entr\u00e9e, un plat et sa garniture (l\u00e9gumes ou f\u00e9culents), un laitage ou fromage et un dessert ou fruit. Plusieurs formules sont possibles selon votre app\u00e9tit. Tarif selon votre choix.<\/p>\n<p><em>En suppl\u00e9ment<\/em> : Pain (+0,65\u20ac)<\/p>\n<p><strong>Formule du soir<\/strong><\/p>\n<p>Au choix, b\u00e9n\u00e9ficiez d&rsquo;un potage (+1.70\u20ac)+ 1 plat du soir (+4.00\u20ac) \u00a0+ un dessert du soir\u00a0 (+1,70\u20ac) .<\/p>\n<p><strong>\u00a0<\/strong><\/p>\n<h4>Notre fournisseur RESTOLOGIS \u00ab\u00a0vraiment cuisiner, sinc\u00e8rement s&rsquo;engager\u00a0\u00bb<\/h4>\n<p>RESTOLOGIS, <strong>soci\u00e9t\u00e9 de restauration <\/strong>\u00a0cr\u00e9\u00e9e en 2006, est aujourd&rsquo;hui un acteur r\u00e9gional de r\u00e9f\u00e9rence sur les <strong>Pays de la Loire<\/strong> et dans les r\u00e9gions voisines.<\/p>\n<p>C&rsquo;est une\u00a0entreprise engag\u00e9e et responsable, qui a \u00e0 c\u0153ur de\u00a0conserver le go\u00fbt de la cuisine traditionnelle et saine.<\/p>\n<p>&nbsp;<\/p>\n<h4><em>\u00a0<\/em><\/h4>\n<div id=\"sconnect-is-installed\" style=\"display: none;\">2.5.0.0<\/div>\n","protected":false},"excerpt":{"rendered":"<p>\u00ab\u00a0LA VIE FACILE AVEC LES REPAS A DOMICILE\u00a0\u00bb RESTO RETZ VOUS , le service Portage de Repas vous propose la livraison de repas vari\u00e9s et \u00e9quilibr\u00e9s pour TOUS (retrait\u00e9s, ACTIFS, convalescents, handicap\u00e9s) \u00e0 votre domicile ou sur votre lieu de travail, 7j\/7, sur Machecoul-St-M\u00eame et ses environs.\u00a0 \u00a0 \u00a0 \u00a0 \u00a0 \u00a0 \u00a0 \u00a0 \u00a0 [&hellip;]<\/p>\n","protected":false},"author":1,"featured_media":0,"parent":738,"menu_order":0,"comment_status":"closed","ping_status":"closed","template":"template-full-width.php","meta":{"footnotes":""},"class_list":["post-92","page","type-page","status-publish","hentry"],"_links":{"self":[{"href":"https:\/\/www.santedomicilemachecoul.fr\/index.php?rest_route=\/wp\/v2\/pages\/92","targetHints":{"allow":["GET"]}}],"collection":[{"href":"https:\/\/www.santedomicilemachecoul.fr\/index.php?rest_route=\/wp\/v2\/pages"}],"about":[{"href":"https:\/\/www.santedomicilemachecoul.fr\/index.php?rest_route=\/wp\/v2\/types\/page"}],"author":[{"embeddable":true,"href":"https:\/\/www.santedomicilemachecoul.fr\/index.php?rest_route=\/wp\/v2\/users\/1"}],"replies":[{"embeddable":true,"href":"https:\/\/www.santedomicilemachecoul.fr\/index.php?rest_route=%2Fwp%2Fv2%2Fcomments&post=92"}],"version-history":[{"count":101,"href":"https:\/\/www.santedomicilemachecoul.fr\/index.php?rest_route=\/wp\/v2\/pages\/92\/revisions"}],"predecessor-version":[{"id":2894,"href":"https:\/\/www.santedomicilemachecoul.fr\/index.php?rest_route=\/wp\/v2\/pages\/92\/revisions\/2894"}],"up":[{"embeddable":true,"href":"https:\/\/www.santedomicilemachecoul.fr\/index.php?rest_route=\/wp\/v2\/pages\/738"}],"wp:attachment":[{"href":"https:\/\/www.santedomicilemachecoul.fr\/index.php?rest_route=%2Fwp%2Fv2%2Fmedia&parent=92"}],"curies":[{"name":"wp","href":"https:\/\/api.w.org\/{rel}","templated":true}]}}